{"id":409,"date":"2024-11-04T04:26:52","date_gmt":"2024-11-04T04:26:52","guid":{"rendered":"https:\/\/gaviaspreview.com\/wp\/homirx\/?page_id=16"},"modified":"2026-03-10T19:38:57","modified_gmt":"2026-03-10T19:38:57","slug":"home-1","status":"publish","type":"page","link":"https:\/\/euro-invest.com.pl\/","title":{"rendered":"Home 1"},"content":{"rendered":"\t\t<div data-elementor-type=\"wp-page\" data-elementor-id=\"409\" class=\"elementor elementor-409\">\n\t\t\t\t<div class=\"elementor-element elementor-element-cae306b e-flex e-con-boxed e-con e-parent\" data-id=\"cae306b\" data-element_type=\"container\" data-e-type=\"container\" data-settings=\"{&quot;background_background&quot;:&quot;classic&quot;}\">\n\t\t\t\t\t<div class=\"e-con-inner\">\n\t\t<div class=\"elementor-element elementor-element-1f322dd e-flex e-con-boxed e-con e-child\" data-id=\"1f322dd\" data-element_type=\"container\" data-e-type=\"container\" data-settings=\"{&quot;background_background&quot;:&quot;slideshow&quot;,&quot;background_slideshow_gallery&quot;:[{&quot;id&quot;:532,&quot;url&quot;:&quot;https:\\\/\\\/euro-invest.com.pl\\\/wp-content\\\/uploads\\\/2026\\\/01\\\/3-scaled-1.jpg&quot;},{&quot;id&quot;:531,&quot;url&quot;:&quot;https:\\\/\\\/euro-invest.com.pl\\\/wp-content\\\/uploads\\\/2026\\\/01\\\/2-scaled-1.jpg&quot;}],&quot;background_slideshow_slide_transition&quot;:&quot;slide_right&quot;,&quot;background_slideshow_slide_duration&quot;:3900,&quot;background_slideshow_transition_duration&quot;:1900}\">\n\t\t\t\t\t<div class=\"e-con-inner\">\n\t\t<div class=\"elementor-element elementor-element-c3e67e2 e-con-full e-flex e-con e-child\" data-id=\"c3e67e2\" data-element_type=\"container\" data-e-type=\"container\">\n\t\t\t\t<div class=\"elementor-element elementor-element-84609eb elementor-widget elementor-widget-html\" data-id=\"84609eb\" data-element_type=\"widget\" data-e-type=\"widget\" data-widget_type=\"html.default\">\n\t\t\t\t\t<h2 class=\"big-title text-white\">\nPolecana okazja\n<\/h2>\t\t\t\t<\/div>\n\t\t<div class=\"elementor-element elementor-element-a5b5d3c e-con-full e-flex e-con e-child\" data-id=\"a5b5d3c\" data-element_type=\"container\" data-e-type=\"container\">\n\t\t\t\t<div class=\"elementor-element elementor-element-081cd35 elementor-widget elementor-widget-heading\" data-id=\"081cd35\" data-element_type=\"widget\" data-e-type=\"widget\" data-widget_type=\"heading.default\">\n\t\t\t\t\t<h2 class=\"elementor-heading-title elementor-size-default\">Bydgoszcz - Dworcowa 90 - od 500 tys. z\u0142<\/h2>\t\t\t\t<\/div>\n\t\t\t\t<\/div>\n\t\t\t\t<div class=\"elementor-element elementor-element-8407bec elementor-widget elementor-widget-button\" data-id=\"8407bec\" data-element_type=\"widget\" data-e-type=\"widget\" data-widget_type=\"button.default\">\n\t\t\t\t\t\t\t\t\t\t<a class=\"elementor-button elementor-button-link elementor-size-sm\" href=\"https:\/\/dworcowa90.com\/\">\n\t\t\t\t\t\t<span class=\"elementor-button-content-wrapper\">\n\t\t\t\t\t\t\t\t\t<span class=\"elementor-button-text\">Dworcowa90.com<\/span>\n\t\t\t\t\t<\/span>\n\t\t\t\t\t<\/a>\n\t\t\t\t\t\t\t\t<\/div>\n\t\t\t\t<\/div>\n\t\t\t\t\t<\/div>\n\t\t\t\t<\/div>\n\t\t\t\t\t<\/div>\n\t\t\t\t<\/div>\n\t\t<div class=\"elementor-element elementor-element-de720c3 e-flex e-con-boxed e-con e-parent\" data-id=\"de720c3\" data-element_type=\"container\" data-e-type=\"container\" data-settings=\"{&quot;background_background&quot;:&quot;classic&quot;}\">\n\t\t\t\t\t<div class=\"e-con-inner\">\n\t\t<div class=\"elementor-element elementor-element-36609cd e-con-full e-flex e-con e-child\" data-id=\"36609cd\" data-element_type=\"container\" data-e-type=\"container\">\n\t\t\t\t<div class=\"elementor-element elementor-element-a4c1e89 elementor-widget elementor-widget-gva-heading-block\" data-id=\"a4c1e89\" data-element_type=\"widget\" data-e-type=\"widget\" data-widget_type=\"gva-heading-block.default\">\n\t\t\t\t<div class=\"elementor-widget-container\">\n\t\t\t\t\t<div class=\"gva-element-gva-heading-block gva-element\">\r\n   <div class=\"align-center style-1 widget gsc-heading box-align-left auto-responsive\">\r\n      \r\n      <div class=\"content-inner\">\r\n                  \r\n         <div class=\"sub-title\"><span class=\"tagline\">B\u0105d\u017a elastyczny<\/span><\/div>  \r\n         \r\n                     <h2 class=\"title\">\r\n               <span>Wybierz Model <em>Inwestowania<\/em><\/span>\r\n            <\/h2>\r\n                  \r\n         \r\n               <\/div>\r\n\r\n   <\/div>\r\n\r\n<\/div>\t\t\t\t<\/div>\n\t\t\t\t<\/div>\n\t\t\t\t<\/div>\n\t\t<div class=\"elementor-element elementor-element-fec8e4d e-con-full e-flex e-con e-child\" data-id=\"fec8e4d\" data-element_type=\"container\" data-e-type=\"container\" data-settings=\"{&quot;background_background&quot;:&quot;classic&quot;}\">\n\t\t\t\t<div class=\"elementor-element elementor-element-2d79f6e medium-gutter elementor-widget elementor-widget-gva_icon_box_group\" data-id=\"2d79f6e\" data-element_type=\"widget\" data-e-type=\"widget\" data-widget_type=\"gva_icon_box_group.default\">\n\t\t\t\t<div class=\"elementor-widget-container\">\n\t\t\t\t\t<div class=\"gva-element-gva_icon_box_group gva-element\">\r\n<div class=\"gsc-icon-box-group layout-grid\">\r\n\t<div class=\"lg-block-grid-4 md-block-grid-3 sm-block-grid-2 xs-block-grid-1 xx-block-grid-1\">\r\n\t\t<div class=\"item-columns\">\r\n<div class=\"icon-box-item elementor-repeater-item-c1070df\">\r\n\r\n\t<div class=\"iconbox-one__single\"><div class=\"iconbox-one__icon\"><i aria-hidden=\"true\" class=\" hicon-cityscape\"><\/i><\/div><h3 class=\"iconbox-one__title\">GOTOWCE INWESTYCYJNE<\/h3><div class=\"iconbox-one__desc\">Zarabiaj od pierwszego dnia zakupu<\/div>\t\t  <a href=\"https:\/\/euro-invest.com.pl\/index.php\/inwestuj#gotowce\" class=\"iconbox-one__link-overlay\">\r\n\t\t\t \t\t  <\/a>\r\n\t\t  <\/div>\r\n\t\r\n\t\r\n\t\r\n\t\r\n<\/div><\/div><div class=\"item-columns\">\r\n<div class=\"icon-box-item elementor-repeater-item-2f292dd\">\r\n\r\n\t<div class=\"iconbox-one__single active\"><div class=\"iconbox-one__icon\"><i aria-hidden=\"true\" class=\" hicon-warehouse\"><\/i><\/div><h3 class=\"iconbox-one__title\">DEVELOPERSKIE<\/h3><div class=\"iconbox-one__desc\"> <\/div>\t\t  <a href=\"https:\/\/euro-invest.com.pl\/index.php\/inwestuj#developerskie\" class=\"iconbox-one__link-overlay\">\r\n\t\t\t \t\t  <\/a>\r\n\t\t  <\/div>\r\n\t\r\n\t\r\n\t\r\n\t\r\n<\/div><\/div><div class=\"item-columns\">\r\n<div class=\"icon-box-item elementor-repeater-item-6741306\">\r\n\r\n\t<div class=\"iconbox-one__single\"><div class=\"iconbox-one__icon\"><i aria-hidden=\"true\" class=\" hicon-house\"><\/i><\/div><h3 class=\"iconbox-one__title\">ZAKUP GRUNTU<\/h3><div class=\"term-count\">18 Properties<\/div>\t\t  <a href=\"https:\/\/euro-invest.com.pl\/index.php\/inwestujinwestuj\/#grunt\" class=\"iconbox-one__link-overlay\">\r\n\t\t\t \t\t  <\/a>\r\n\t\t  <\/div>\r\n\t\r\n\t\r\n\t\r\n\t\r\n<\/div><\/div><div class=\"item-columns\">\r\n<div class=\"icon-box-item elementor-repeater-item-aa62e36\">\r\n\r\n\t<div class=\"iconbox-one__single\"><div class=\"iconbox-one__icon\"><i aria-hidden=\"true\" class=\" hicon-apartment\"><\/i><\/div><h3 class=\"iconbox-one__title\">INWESTYCJE W ZIEMIE<\/h3><div class=\"iconbox-one__desc\">Z GWARANCJ\u0104 ODKUPU<\/div>\t\t  <a href=\"https:\/\/euro-invest.com.pl\/index.php\/inwestuj#grunt-zwrotny\" class=\"iconbox-one__link-overlay\">\r\n\t\t\t \t\t  <\/a>\r\n\t\t  <\/div>\r\n\t\r\n\t\r\n\t\r\n\t\r\n<\/div><\/div>\t<\/div>   \r\n<\/div>\r\n<\/div>\t\t\t\t<\/div>\n\t\t\t\t<\/div>\n\t\t\t\t<\/div>\n\t\t\t\t\t<\/div>\n\t\t\t\t<\/div>\n\t\t<div class=\"elementor-element elementor-element-d91cd04 e-grid e-con-boxed e-con e-parent\" data-id=\"d91cd04\" data-element_type=\"container\" data-e-type=\"container\" data-settings=\"{&quot;background_background&quot;:&quot;classic&quot;}\">\n\t\t\t\t\t<div class=\"e-con-inner\">\n\t\t\t\t<div class=\"elementor-element elementor-element-a7e5325 elementor-widget elementor-widget-gva-heading-block\" data-id=\"a7e5325\" data-element_type=\"widget\" data-e-type=\"widget\" id=\"gotowce\" data-widget_type=\"gva-heading-block.default\">\n\t\t\t\t<div class=\"elementor-widget-container\">\n\t\t\t\t\t<div class=\"gva-element-gva-heading-block gva-element\">\r\n   <div class=\"align-center style-1 widget gsc-heading box-align-left auto-responsive\">\r\n      \r\n      <div class=\"content-inner\">\r\n                  \r\n           \r\n         \r\n                     <h2 class=\"title\">\r\n               <span>SPRZEDA\u017b<\/span>\r\n            <\/h2>\r\n                  \r\n         \r\n               <\/div>\r\n\r\n   <\/div>\r\n\r\n<\/div>\t\t\t\t<\/div>\n\t\t\t\t<\/div>\n\t\t<div class=\"elementor-element elementor-element-432538e e-con-full e-flex e-con e-child\" data-id=\"432538e\" data-element_type=\"container\" data-e-type=\"container\">\n\t\t\t\t<div class=\"elementor-element elementor-element-fe328d7 medium-gutter elementor-widget elementor-widget-gva_icon_box_group\" data-id=\"fe328d7\" data-element_type=\"widget\" data-e-type=\"widget\" data-widget_type=\"gva_icon_box_group.default\">\n\t\t\t\t<div class=\"elementor-widget-container\">\n\t\t\t\t\t<div class=\"gva-element-gva_icon_box_group gva-element\">\r\n<div class=\"gsc-icon-box-group layout-grid\">\r\n\t<div class=\"lg-block-grid-4 md-block-grid-3 sm-block-grid-2 xs-block-grid-1 xx-block-grid-1\">\r\n\t\t<div class=\"item-columns\">\r\n<div class=\"icon-box-item elementor-repeater-item-c1070df\">\r\n\r\n\t<div class=\"iconbox-one__single\"><div class=\"iconbox-one__icon\"><i aria-hidden=\"true\" class=\" hicon-cityscape\"><\/i><\/div><h3 class=\"iconbox-one__title\">GOTOWCE INWESTYCYJNE<\/h3><div class=\"iconbox-one__desc\">Zarabiaj od pierwszego dnia zakupu<\/div>\t\t  <a href=\"https:\/\/euro-invest.com.pl\/index.php\/sprzedaz#gotowce\" class=\"iconbox-one__link-overlay\">\r\n\t\t\t \t\t  <\/a>\r\n\t\t  <\/div>\r\n\t\r\n\t\r\n\t\r\n\t\r\n<\/div><\/div><div class=\"item-columns\">\r\n<div class=\"icon-box-item elementor-repeater-item-2f292dd\">\r\n\r\n\t<div class=\"iconbox-one__single active\"><div class=\"iconbox-one__icon\"><i aria-hidden=\"true\" class=\" hicon-warehouse\"><\/i><\/div><h3 class=\"iconbox-one__title\">DOMY<\/h3><div class=\"iconbox-one__desc\"> <\/div>\t\t  <a href=\"https:\/\/euro-invest.com.pl\/index.php\/sprzedaz#domy\" class=\"iconbox-one__link-overlay\">\r\n\t\t\t \t\t  <\/a>\r\n\t\t  <\/div>\r\n\t\r\n\t\r\n\t\r\n\t\r\n<\/div><\/div><div class=\"item-columns\">\r\n<div class=\"icon-box-item elementor-repeater-item-6741306\">\r\n\r\n\t<div class=\"iconbox-one__single\"><div class=\"iconbox-one__icon\"><i aria-hidden=\"true\" class=\" hicon-house\"><\/i><\/div><h3 class=\"iconbox-one__title\">LOKALE U\u017bYTKOWE<\/h3>\t\t  <a href=\"https:\/\/euro-invest.com.pl\/index.php\/sprzedaz#uzytkowe\" class=\"iconbox-one__link-overlay\">\r\n\t\t\t \t\t  <\/a>\r\n\t\t  <\/div>\r\n\t\r\n\t\r\n\t\r\n\t\r\n<\/div><\/div><div class=\"item-columns\">\r\n<div class=\"icon-box-item elementor-repeater-item-aa62e36\">\r\n\r\n\t<div class=\"iconbox-one__single\"><div class=\"iconbox-one__icon\"><i aria-hidden=\"true\" class=\" hicon-apartment\"><\/i><\/div><h3 class=\"iconbox-one__title\">MIESZKANIA<\/h3>\t\t  <a href=\"https:\/\/euro-invest.com.pl\/index.php\/sprzedaz#mieszkania\" class=\"iconbox-one__link-overlay\">\r\n\t\t\t \t\t  <\/a>\r\n\t\t  <\/div>\r\n\t\r\n\t\r\n\t\r\n\t\r\n<\/div><\/div><div class=\"item-columns\">\r\n<div class=\"icon-box-item elementor-repeater-item-0467a2a\">\r\n\r\n\t<div class=\"iconbox-one__single\"><div class=\"iconbox-one__icon\"><i aria-hidden=\"true\" class=\"fas fa-oil-can\"><\/i><\/div><h3 class=\"iconbox-one__title\">OBIEKTY PRZEMYSLOWE<\/h3>\t\t  <a href=\"https:\/\/euro-invest.com.pl\/index.php\/sprzedaz#przemyslowe\" class=\"iconbox-one__link-overlay\">\r\n\t\t\t \t\t  <\/a>\r\n\t\t  <\/div>\r\n\t\r\n\t\r\n\t\r\n\t\r\n<\/div><\/div><div class=\"item-columns\">\r\n<div class=\"icon-box-item elementor-repeater-item-42b5612\">\r\n\r\n\t<div class=\"iconbox-one__single\"><div class=\"iconbox-one__icon\"><i aria-hidden=\"true\" class=\" hicon-modern-house\"><\/i><\/div><h3 class=\"iconbox-one__title\">DEVELOPERSKIE<\/h3>\t\t  <a href=\"https:\/\/euro-invest.com.pl\/index.php\/sprzedaz#developerskie\" class=\"iconbox-one__link-overlay\">\r\n\t\t\t \t\t  <\/a>\r\n\t\t  <\/div>\r\n\t\r\n\t\r\n\t\r\n\t\r\n<\/div><\/div>\t<\/div>   \r\n<\/div>\r\n<\/div>\t\t\t\t<\/div>\n\t\t\t\t<\/div>\n\t\t\t\t<\/div>\n\t\t\t\t\t<\/div>\n\t\t\t\t<\/div>\n\t\t<div class=\"elementor-element elementor-element-f0a8f3f e-flex e-con-boxed e-con e-parent\" data-id=\"f0a8f3f\" data-element_type=\"container\" data-e-type=\"container\" data-settings=\"{&quot;background_background&quot;:&quot;classic&quot;}\">\n\t\t\t\t\t<div class=\"e-con-inner\">\n\t\t<div class=\"elementor-element elementor-element-7e129bb e-con-full e-flex e-con e-child\" data-id=\"7e129bb\" data-element_type=\"container\" data-e-type=\"container\">\n\t\t\t\t<div class=\"elementor-element elementor-element-21ba5e4 developerskie elementor-widget elementor-widget-gva-heading-block\" data-id=\"21ba5e4\" data-element_type=\"widget\" data-e-type=\"widget\" id=\"developerskie\" data-widget_type=\"gva-heading-block.default\">\n\t\t\t\t<div class=\"elementor-widget-container\">\n\t\t\t\t\t<div class=\"gva-element-gva-heading-block gva-element\">\r\n   <div class=\"align-center style-1 widget gsc-heading box-align-left auto-responsive\">\r\n      \r\n      <div class=\"content-inner\">\r\n                  \r\n           \r\n         \r\n                     <h2 class=\"title\">\r\n               <span>WYNAJEM<\/span>\r\n            <\/h2>\r\n                  \r\n         \r\n               <\/div>\r\n\r\n   <\/div>\r\n\r\n<\/div>\t\t\t\t<\/div>\n\t\t\t\t<\/div>\n\t\t\t\t<div class=\"elementor-element elementor-element-38df54d medium-gutter elementor-widget elementor-widget-gva_icon_box_group\" data-id=\"38df54d\" data-element_type=\"widget\" data-e-type=\"widget\" data-widget_type=\"gva_icon_box_group.default\">\n\t\t\t\t<div class=\"elementor-widget-container\">\n\t\t\t\t\t<div class=\"gva-element-gva_icon_box_group gva-element\">\r\n<div class=\"gsc-icon-box-group layout-grid\">\r\n\t<div class=\"lg-block-grid-4 md-block-grid-3 sm-block-grid-2 xs-block-grid-1 xx-block-grid-1\">\r\n\t\t<div class=\"item-columns\">\r\n<div class=\"icon-box-item elementor-repeater-item-2f292dd\">\r\n\r\n\t<div class=\"iconbox-one__single active\"><div class=\"iconbox-one__icon\"><i aria-hidden=\"true\" class=\" hicon-warehouse\"><\/i><\/div><h3 class=\"iconbox-one__title\">DOMY<\/h3><div class=\"iconbox-one__desc\"> <\/div>\t\t  <a href=\"https:\/\/euro-invest.com.pl\/index.php\/wynajem#domy\" class=\"iconbox-one__link-overlay\">\r\n\t\t\t \t\t  <\/a>\r\n\t\t  <\/div>\r\n\t\r\n\t\r\n\t\r\n\t\r\n<\/div><\/div><div class=\"item-columns\">\r\n<div class=\"icon-box-item elementor-repeater-item-6741306\">\r\n\r\n\t<div class=\"iconbox-one__single\"><div class=\"iconbox-one__icon\"><i aria-hidden=\"true\" class=\" hicon-house\"><\/i><\/div><h3 class=\"iconbox-one__title\">LOKALE U\u017bYTKOWE<\/h3>\t\t  <a href=\"https:\/\/euro-invest.com.pl\/index.php\/wynajem#uzytkowe\" class=\"iconbox-one__link-overlay\">\r\n\t\t\t \t\t  <\/a>\r\n\t\t  <\/div>\r\n\t\r\n\t\r\n\t\r\n\t\r\n<\/div><\/div><div class=\"item-columns\">\r\n<div class=\"icon-box-item elementor-repeater-item-aa62e36\">\r\n\r\n\t<div class=\"iconbox-one__single\"><div class=\"iconbox-one__icon\"><i aria-hidden=\"true\" class=\" hicon-apartment\"><\/i><\/div><h3 class=\"iconbox-one__title\">MIESZKANIA<\/h3>\t\t  <a href=\"https:\/\/euro-invest.com.pl\/index.php\/wynajem#mieszkania\" class=\"iconbox-one__link-overlay\">\r\n\t\t\t \t\t  <\/a>\r\n\t\t  <\/div>\r\n\t\r\n\t\r\n\t\r\n\t\r\n<\/div><\/div><div class=\"item-columns\">\r\n<div class=\"icon-box-item elementor-repeater-item-0467a2a\">\r\n\r\n\t<div class=\"iconbox-one__single\"><div class=\"iconbox-one__icon\"><i aria-hidden=\"true\" class=\"fas fa-oil-can\"><\/i><\/div><h3 class=\"iconbox-one__title\">OBIEKTY PRZEMYSLOWE<\/h3>\t\t  <a href=\"euro-invest.com.pl\/index.php\/wynajem#przemyslowe\" class=\"iconbox-one__link-overlay\">\r\n\t\t\t \t\t  <\/a>\r\n\t\t  <\/div>\r\n\t\r\n\t\r\n\t\r\n\t\r\n<\/div><\/div>\t<\/div>   \r\n<\/div>\r\n<\/div>\t\t\t\t<\/div>\n\t\t\t\t<\/div>\n\t\t\t\t<\/div>\n\t\t\t\t\t<\/div>\n\t\t\t\t<\/div>\n\t\t<div class=\"elementor-element elementor-element-bf412c0 e-con-full e-flex e-con e-parent\" data-id=\"bf412c0\" data-element_type=\"container\" data-e-type=\"container\" data-settings=\"{&quot;background_background&quot;:&quot;classic&quot;}\">\n\t\t<div class=\"elementor-element elementor-element-8397ce9 e-con-full e-flex e-con e-child\" data-id=\"8397ce9\" data-element_type=\"container\" data-e-type=\"container\" data-settings=\"{&quot;background_background&quot;:&quot;classic&quot;}\">\n\t\t\t\t<div class=\"elementor-element elementor-element-da7aabc elementor-widget elementor-widget-spacer\" data-id=\"da7aabc\" data-element_type=\"widget\" data-e-type=\"widget\" data-widget_type=\"spacer.default\">\n\t\t\t\t\t\t\t<div class=\"elementor-spacer\">\n\t\t\t<div class=\"elementor-spacer-inner\"><\/div>\n\t\t<\/div>\n\t\t\t\t\t\t<\/div>\n\t\t\t\t<\/div>\n\t\t<div class=\"elementor-element elementor-element-070f36b e-con-full e-flex e-con e-child\" data-id=\"070f36b\" data-element_type=\"container\" data-e-type=\"container\" data-settings=\"{&quot;background_background&quot;:&quot;classic&quot;}\">\n\t\t\t\t<div class=\"elementor-element elementor-element-3d64cfc onas elementor-widget elementor-widget-gva-heading-block\" data-id=\"3d64cfc\" data-element_type=\"widget\" data-e-type=\"widget\" id=\"onas\" data-widget_type=\"gva-heading-block.default\">\n\t\t\t\t<div class=\"elementor-widget-container\">\n\t\t\t\t\t<div class=\"gva-element-gva-heading-block gva-element\">\r\n   <div class=\"align-left style-1 widget gsc-heading box-align-left auto-responsive\">\r\n      \r\n      <div class=\"content-inner\">\r\n                  \r\n           \r\n         \r\n                     <h2 class=\"title\">\r\n               <span>ZAUFAJ DO\u015aWIADCZENIU<\/span>\r\n            <\/h2>\r\n                  \r\n         \r\n               <\/div>\r\n\r\n   <\/div>\r\n\r\n<\/div>\t\t\t\t<\/div>\n\t\t\t\t<\/div>\n\t\t\t\t<div class=\"elementor-element elementor-element-99c76f4 dot-left elementor-widget elementor-widget-gva-testimonials\" data-id=\"99c76f4\" data-element_type=\"widget\" data-e-type=\"widget\" data-widget_type=\"gva-testimonials.default\">\n\t\t\t\t<div class=\"elementor-widget-container\">\n\t\t\t\t\t<div class=\"gva-element-gva-testimonials gva-element\">\r\n<div class=\"gsc-testimonial layout-grid style-1\">\r\n\t<div class=\"lg-block-grid-1 md-block-grid-1 sm-block-grid-1 xs-block-grid-1 xx-block-grid-1\">\r\n\t\t\t\t\t\r\n\t\t\t<div class=\"item-columns\">\r\n\t\t\t\t<div class=\"testimonial-item style-1 elementor-repeater-item-e8f3849\">\r\n   \r\n         <div class=\"testimonial-one__single\">\r\n         <div class=\"testimonial-one__content\">\r\n            <span class=\"testimonial-one__icon\"><i class=\" hicon-straight-quotes\"><\/i><\/span>\r\n            <div class=\"testimonial-one__meta\">\r\n               <div class=\"testimonial-one__image\"><img decoding=\"async\" src=\"https:\/\/euro-invest.com.pl\/wp-content\/uploads\/2026\/02\/280493593_1034109880845152_6882824711096674439_n.jpg\" alt=\"Nieruchomo\u015bci KING\" \/><\/div>               <div class=\"testimonial-one__information\">\r\n                  <h3 class=\"testimonial-one__name\">Nieruchomo\u015bci KING<\/h3>\r\n                  <div class=\"testimonial-one__job\"><\/div>\r\n                  <div class=\"testimonial-one__stars\">\r\n                     <i class=\"fa fa-star\"><\/i>\r\n                     <i class=\"fa fa-star\"><\/i>\r\n                     <i class=\"fa fa-star\"><\/i>\r\n                     <i class=\"fa fa-star\"><\/i>\r\n                     <i class=\"fa fa-star\"><\/i>\r\n                  <\/div>\r\n               <\/div>\r\n            <\/div>\r\n         <\/div>\r\n         <div class=\"testimonial-one__quote\">\r\n            Rodzina Koz\u0142owskich dzia\u0142alno\u015b\u0107 developersk\u0105 w Bydgoszczy rozpocz\u0119\u0142a w 1900 roku, gdy pradziadek obecnego prezesa - Antoni Koz\u0142owski, rozpocz\u0105\u0142 pierwsz\u0105 inwestycj\u0119 przy ulicy Koronowskiej.  Od tego czasu rodzina zrealizowa\u0142a w Bydgoszczy inwestycje m.in. przy ulicach: Gda\u0144skiej, \u015aniadeckich, Rac\u0142awickiej, Matejki, Che\u0142mi\u0144skiej, Grunwaldzkiej, Kwiatowej, Mazowieckiej, Fordo\u0144skiej, Pozna\u0144skiej, ks. Skorupki, Wiejskiej, Toru\u0144skiej oraz w mniejszych miejscowo\u015bciach.\n\nObecnie rodzina Koz\u0142owskich posiada - biuro nieruchomo\u015bci, firm\u0119 developersk\u0105, firm\u0119 budowlan\u0105, biuro rachunkowe, kancelari\u0119 prawn\u0105 oraz kilkadziesi\u0105t sp\u00f3\u0142ek celowych.\n\nKompleksowe podej\u015bcie od po\u015brednictwa poprzez firm\u0119 developersk\u0105 sprawia, \u017ce posiada ona ugruntowan\u0105 pozycj\u0119 w wojew\u00f3dztwie.\n         <\/div>\r\n      <\/div>      \r\n     \r\n\r\n     \r\n\r\n    \r\n\r\n<\/div>\r\n\r\n\t\t\t<\/div>\r\n\r\n\t\t\t<\/div>   \r\n<\/div>\r\n<\/div>\t\t\t\t<\/div>\n\t\t\t\t<\/div>\n\t\t\t\t<\/div>\n\t\t\t\t<\/div>\n\t\t<div class=\"elementor-element elementor-element-ad1a160 e-flex e-con-boxed e-con e-parent\" data-id=\"ad1a160\" data-element_type=\"container\" data-e-type=\"container\">\n\t\t\t\t\t<div class=\"e-con-inner\">\n\t\t\t\t<div class=\"elementor-element elementor-element-1fac545 kontakt elementor-widget elementor-widget-text-editor\" data-id=\"1fac545\" data-element_type=\"widget\" data-e-type=\"widget\" id=\"kontakt\" data-widget_type=\"text-editor.default\">\n\t\t\t\t\t\t\t\t\t<p>Skontaktuj si\u0119 z nami<\/p>\t\t\t\t\t\t\t\t<\/div>\n\t\t\t\t\t<\/div>\n\t\t\t\t<\/div>\n\t\t\t\t<\/div>\n\t\t","protected":false},"excerpt":{"rendered":"<p>Polecana okazja Bydgoszcz &#8211; Dworcowa 90 &#8211; od 500 tys. z\u0142 Dworcowa90.com B\u0105d\u017a elastyczny Wybierz Model Inwestowania GOTOWCE INWESTYCYJNE Zarabiaj od pierwszego dnia zakupu DEVELOPERSKIE ZAKUP GRUNTU 4 Properties INWESTYCJE [&hellip;]<\/p>\n","protected":false},"author":1,"featured_media":0,"parent":0,"menu_order":0,"comment_status":"closed","ping_status":"closed","template":"","meta":{"footnotes":""},"class_list":["post-409","page","type-page","status-publish","hentry"],"_links":{"self":[{"href":"https:\/\/euro-invest.com.pl\/index.php\/wp-json\/wp\/v2\/pages\/409","targetHints":{"allow":["GET"]}}],"collection":[{"href":"https:\/\/euro-invest.com.pl\/index.php\/wp-json\/wp\/v2\/pages"}],"about":[{"href":"https:\/\/euro-invest.com.pl\/index.php\/wp-json\/wp\/v2\/types\/page"}],"author":[{"embeddable":true,"href":"https:\/\/euro-invest.com.pl\/index.php\/wp-json\/wp\/v2\/users\/1"}],"replies":[{"embeddable":true,"href":"https:\/\/euro-invest.com.pl\/index.php\/wp-json\/wp\/v2\/comments?post=409"}],"version-history":[{"count":201,"href":"https:\/\/euro-invest.com.pl\/index.php\/wp-json\/wp\/v2\/pages\/409\/revisions"}],"predecessor-version":[{"id":822,"href":"https:\/\/euro-invest.com.pl\/index.php\/wp-json\/wp\/v2\/pages\/409\/revisions\/822"}],"wp:attachment":[{"href":"https:\/\/euro-invest.com.pl\/index.php\/wp-json\/wp\/v2\/media?parent=409"}],"curies":[{"name":"wp","href":"https:\/\/api.w.org\/{rel}","templated":true}]}}